{"id":1046,"date":"2026-04-01T21:57:45","date_gmt":"2026-04-01T21:57:45","guid":{"rendered":"https:\/\/auratiming.com\/shop\/?post_type=product&#038;p=1046"},"modified":"2026-04-17T12:47:48","modified_gmt":"2026-04-17T12:47:48","slug":"aura-core-red-edition-soporte-principal","status":"publish","type":"product","link":"https:\/\/auratiming.com\/shop\/index.php\/producto\/aura-core-red-edition-soporte-principal\/","title":{"rendered":"Aura Core Red Edition &#8211; Soporte Principal"},"content":{"rendered":"<p><strong>Soporte principal<\/strong> de <strong>Aura Core<\/strong>, que recibe la instalaci\u00f3n del GPS. <strong>Es el elemento imprescindible.<\/strong><\/p>\n<p>Fabricado en <strong>material de alta calidad<\/strong>, resiste temperaturas puntuales de <strong>hasta 95 grados<\/strong>.<\/p>\n<p>Es resistente para soportar las vibraciones habituales en un veh\u00edculo de competici\u00f3n. De color rojo, es una edici\u00f3n especial.<\/p>\n<p>Se vende con 2 tornillos M6x40 de acero inoxidable y 2 tuercas de seguridad M6.<\/p>\n<p>Puede montarse solo para mostrar el GPS en vertical, o junto con uno de los soportes opcionales. En ese caso, admite dos posiciones para ajustarse perfecto a las necesidades de cada instalaci\u00f3n.<\/p>\n<p>-&gt; Aqu\u00ed tienes las instrucciones de instalaci\u00f3n.<\/p>\n","protected":false},"excerpt":{"rendered":"<p>Soporte principal de <strong>Aura Core<\/strong>.<\/p>\n","protected":false},"featured_media":1047,"template":"","meta":[],"product_brand":[34],"product_cat":[33],"product_tag":[],"class_list":{"0":"post-1046","1":"product","2":"type-product","3":"status-publish","4":"has-post-thumbnail","6":"product_brand-auratiming","7":"product_cat-accesorios","9":"first","10":"instock","11":"sale","12":"taxable","13":"shipping-taxable","14":"purchasable","15":"product-type-simple"},"_links":{"self":[{"href":"https:\/\/auratiming.com\/shop\/index.php\/wp-json\/wp\/v2\/product\/1046","targetHints":{"allow":["GET"]}}],"collection":[{"href":"https:\/\/auratiming.com\/shop\/index.php\/wp-json\/wp\/v2\/product"}],"about":[{"href":"https:\/\/auratiming.com\/shop\/index.php\/wp-json\/wp\/v2\/types\/product"}],"version-history":[{"count":1,"href":"https:\/\/auratiming.com\/shop\/index.php\/wp-json\/wp\/v2\/product\/1046\/revisions"}],"predecessor-version":[{"id":1049,"href":"https:\/\/auratiming.com\/shop\/index.php\/wp-json\/wp\/v2\/product\/1046\/revisions\/1049"}],"wp:featuredmedia":[{"embeddable":true,"href":"https:\/\/auratiming.com\/shop\/index.php\/wp-json\/wp\/v2\/media\/1047"}],"wp:attachment":[{"href":"https:\/\/auratiming.com\/shop\/index.php\/wp-json\/wp\/v2\/media?parent=1046"}],"wp:term":[{"taxonomy":"product_brand","embeddable":true,"href":"https:\/\/auratiming.com\/shop\/index.php\/wp-json\/wp\/v2\/product_brand?post=1046"},{"taxonomy":"product_cat","embeddable":true,"href":"https:\/\/auratiming.com\/shop\/index.php\/wp-json\/wp\/v2\/product_cat?post=1046"},{"taxonomy":"product_tag","embeddable":true,"href":"https:\/\/auratiming.com\/shop\/index.php\/wp-json\/wp\/v2\/product_tag?post=1046"}],"curies":[{"name":"wp","href":"https:\/\/api.w.org\/{rel}","templated":true}]}}